{"id":2038,"date":"2025-10-27T14:10:31","date_gmt":"2025-10-27T19:10:31","guid":{"rendered":"https:\/\/www.contrans.pe\/?page_id=2038"},"modified":"2026-03-27T13:25:51","modified_gmt":"2026-03-27T18:25:51","slug":"sig","status":"publish","type":"page","link":"https:\/\/contrans.pe\/en\/sig\/","title":{"rendered":"SIG"},"content":{"rendered":"<div data-elementor-type=\"wp-page\" data-elementor-id=\"2038\" class=\"elementor elementor-2038\" data-elementor-post-type=\"page\">\n\t\t\t\t<div class=\"elementor-element elementor-element-840eeb3 grupo e-flex e-con-boxed e-con e-parent\" data-id=\"840eeb3\" data-element_type=\"container\" data-e-type=\"container\" data-settings=\"{&quot;background_background&quot;:&quot;classic&quot;}\">\n\t\t\t\t\t<div class=\"e-con-inner\">\n\t\t<div class=\"elementor-element elementor-element-1b4aaca e-con-full e-flex e-con e-child\" data-id=\"1b4aaca\" data-element_type=\"container\" data-e-type=\"container\">\n\t\t\t\t<div class=\"elementor-element elementor-element-f50346d elementor-invisible elementor-widget elementor-widget-heading\" data-id=\"f50346d\" data-element_type=\"widget\" data-e-type=\"widget\" data-settings=\"{&quot;_animation&quot;:&quot;slideInLeft&quot;,&quot;_animation_tablet&quot;:&quot;none&quot;}\" data-widget_type=\"heading.default\">\n\t\t\t\t\t<h1 class=\"elementor-heading-title elementor-size-default\">Sistema de Integraci\u00f3n de Gesti\u00f3n<\/h1>\t\t\t\t<\/div>\n\t\t\t\t<\/div>\n\t\t<div class=\"elementor-element elementor-element-5c1e0f6 e-con-full e-flex e-con e-child\" data-id=\"5c1e0f6\" data-element_type=\"container\" data-e-type=\"container\">\n\t\t\t\t<div class=\"elementor-element elementor-element-89890a4 elementor-invisible elementor-widget elementor-widget-text-editor\" data-id=\"89890a4\" data-element_type=\"widget\" data-e-type=\"widget\" data-settings=\"{&quot;_animation&quot;:&quot;slideInRight&quot;,&quot;_animation_tablet&quot;:&quot;none&quot;}\" data-widget_type=\"text-editor.default\">\n\t\t\t\t\t\t\t\t\t<p>\n  <strong>SG-C-001<\/strong> \n  <sup class=\"super-texto\">1, 2, 3, 4, 5, 6, 7<\/sup><br>\n  <strong>v.12 \/ 24-03-2026<\/strong>\n<\/p>\t\t\t\t\t\t\t\t<\/div>\n\t\t\t\t<\/div>\n\t\t\t\t\t<\/div>\n\t\t\t\t<\/div>\n\t\t<div class=\"elementor-element elementor-element-20fb8ff e-flex e-con-boxed e-con e-parent\" data-id=\"20fb8ff\" data-element_type=\"container\" data-e-type=\"container\">\n\t\t\t\t\t<div class=\"e-con-inner\">\n\t\t\t\t\t<\/div>\n\t\t\t\t<\/div>\n\t\t<div class=\"elementor-element elementor-element-d2a3b6d grupo e-con-full e-flex e-con e-parent\" data-id=\"d2a3b6d\" data-element_type=\"container\" data-e-type=\"container\">\n\t\t<div class=\"elementor-element elementor-element-418c559 e-flex e-con-boxed e-con e-child\" data-id=\"418c559\" data-element_type=\"container\" data-e-type=\"container\">\n\t\t\t\t\t<div class=\"e-con-inner\">\n\t\t\t\t<div class=\"elementor-element elementor-element-966cdb6 elementor-widget elementor-widget-heading\" data-id=\"966cdb6\" data-element_type=\"widget\" data-e-type=\"widget\" data-widget_type=\"heading.default\">\n\t\t\t\t\t<h2 class=\"elementor-heading-title elementor-size-default\">POL\u00cdTICA DEL SISTEMA INTEGRADO DE GESTI\u00d3N<\/h2>\t\t\t\t<\/div>\n\t\t\t\t<div class=\"elementor-element elementor-element-def5945 elementor-widget elementor-widget-text-editor\" data-id=\"def5945\" data-element_type=\"widget\" data-e-type=\"widget\" data-widget_type=\"text-editor.default\">\n\t\t\t\t\t\t\t\t\t<p>CONTRANS S.A.C, empresa dedicada al servicio de almacenaje de carga y log\u00edstica integrada<br \/>que brinda soluciones seguras, \u00e1giles y sencillas; comparte a las partes interesadas pertinentes<br \/>su compromiso para la implementaci\u00f3n, sostenibilidad y mejora continua de nuestro sistema<br \/>integrado de gesti\u00f3n; para ello:<\/p><p>1. Garantizamos la satisfacci\u00f3n del cliente mediante el cumplimiento oportuno de los<br \/>requisitos acordados, asegurando la confidencialidad, integridad y disponibilidad de la<br \/>informaci\u00f3n relacionada con nuestros servicios.<\/p><p>2. Protegemos el medio ambiente a trav\u00e9s de la prevenci\u00f3n, control y mitigaci\u00f3n de la<br \/>contaminaci\u00f3n ambiental, asegurando as\u00ed un entorno sostenible.<\/p><p>3. Proporcionamos condiciones de trabajo seguras y saludables para la prevenci\u00f3n de<br \/>lesiones y deterioro de la salud de nuestros colaboradores, contratistas, visitantes y<br \/>miembros de la comunidad que tengan acceso a nuestras operaciones y actividades<br \/>administrativas.<\/p><p>4. Aseguramos la continuidad de la cadena de suministros a trav\u00e9s de la prevenci\u00f3n y<br \/>control oportuno de los riesgos; asimismo, eliminamos el peligro y reducimos los riesgos<br \/>para la Seguridad y Salud en el Trabajo utilizando la jerarqu\u00eda de controles. De igual forma,<br \/>propiciamos la participaci\u00f3n y consulta de los colaboradores y sus representantes.<\/p><p>5. Gestionamos la prevenci\u00f3n de cualquier tipo de acto il\u00edcito como, corrupci\u00f3n y soborno<br \/>lavado de activos, pr\u00e1cticas de narcotr\u00e1fico, terrorismo, entre otros; asimismo,<br \/>promovemos la seguridad en el uso de las tecnolog\u00edas de la informaci\u00f3n, garantizando la<br \/>gesti\u00f3n en su conservaci\u00f3n, utilizaci\u00f3n y eliminaci\u00f3n.<\/p><p>6. Fomentamos la no discriminaci\u00f3n y brindamos las mismas oportunidades a nuestros<br \/>colaboradores; del mismo modo, promovemos una cultura preventiva contra el<br \/>hostigamiento sexual y hostilidad laboral.<\/p><p>7. Cumplimos con los requisitos legales y otros requisitos aplicables al sistema integrado de<br \/>gesti\u00f3n.<\/p><p>8. Aplicamos la metodolog\u00eda de la mejora continua en nuestro Sistema de Gesti\u00f3n de<br \/>Seguridad y Salud en el Trabajo, el mismo que se encuentra integrado con otros Sistemas<br \/>de Gesti\u00f3n; para la mejora de nuestro desempe\u00f1o.<\/p><p>En Contrans SAC, asumimos la responsabilidad del cumplimiento de estos lineamientos, frente<br \/>a las partes interesadas.<\/p>\t\t\t\t\t\t\t\t<\/div>\n\t\t<div class=\"elementor-element elementor-element-2187fd0 e-con-full e-flex e-con e-child\" data-id=\"2187fd0\" data-element_type=\"container\" data-e-type=\"container\">\n\t\t\t\t<div class=\"elementor-element elementor-element-cce3d6b elementor-widget elementor-widget-text-editor\" data-id=\"cce3d6b\" data-element_type=\"widget\" data-e-type=\"widget\" data-widget_type=\"text-editor.default\">\n\t\t\t\t\t\t\t\t\t<p><strong>Gerente General<\/strong><br \/>Francisco Gonzalez Hurtado<\/p>\t\t\t\t\t\t\t\t<\/div>\n\t\t\t\t<div class=\"elementor-element elementor-element-00cf476 elementor-widget elementor-widget-text-editor\" data-id=\"00cf476\" data-element_type=\"widget\" data-e-type=\"widget\" data-widget_type=\"text-editor.default\">\n\t\t\t\t\t\t\t\t\t<p>1.Ley 29783, Ley de Seguridad y Salud en el Trabajo<br \/>2.Norma ISO 9001:2015- Sistema de Gesti\u00f3n de la Calidad<br \/>3.Norma ISO 14001-2015: Sistema de Gesti\u00f3n Ambiental<br \/>4.Norma ISO 45001- 2018: Sistemas de Gesti\u00f3n de la Seguridad y Salud en el Trabajo<br \/>5.Norma ISO 27001:2022: Sistema de Gesti\u00f3n de la Seguridad de la Informaci\u00f3n<br \/>6.Norma BASC Ver.06-2022- Sistema de Gesti\u00f3n en Control y Seguridad.<br \/>7. Programa de Seguridad del Operador Econ\u00f3mico Autorizado (OEA)<\/p>\t\t\t\t\t\t\t\t<\/div>\n\t\t\t\t<\/div>\n\t\t\t\t\t<\/div>\n\t\t\t\t<\/div>\n\t\t\t\t<\/div>\n\t\t<div class=\"elementor-element elementor-element-172fd44 grupo--compacto e-flex e-con-boxed e-con e-parent\" data-id=\"172fd44\" data-element_type=\"container\" data-e-type=\"container\" data-settings=\"{&quot;background_background&quot;:&quot;classic&quot;}\">\n\t\t\t\t\t<div class=\"e-con-inner\">\n\t\t<div class=\"elementor-element elementor-element-d7d39fe e-con-full e-flex e-con e-child\" data-id=\"d7d39fe\" data-element_type=\"container\" data-e-type=\"container\">\n\t\t\t\t<div class=\"elementor-element elementor-element-ae4ad0d elementor-widget elementor-widget-heading\" data-id=\"ae4ad0d\" data-element_type=\"widget\" data-e-type=\"widget\" data-widget_type=\"heading.default\">\n\t\t\t\t\t<h2 class=\"elementor-heading-title elementor-size-default\">Certificaciones que nos respaldan<\/h2>\t\t\t\t<\/div>\n\t\t\t\t<\/div>\n\t\t<div class=\"elementor-element elementor-element-56e0be5 e-con-full e-flex e-con e-child\" data-id=\"56e0be5\" data-element_type=\"container\" data-e-type=\"container\">\n\t\t\t\t<div class=\"elementor-element elementor-element-46b2037 elementor-arrows-position-outside elementor-widget elementor-widget-image-carousel\" data-id=\"46b2037\" data-element_type=\"widget\" data-e-type=\"widget\" data-settings=\"{&quot;slides_to_show&quot;:&quot;4&quot;,&quot;slides_to_show_tablet&quot;:&quot;5&quot;,&quot;slides_to_show_mobile&quot;:&quot;2&quot;,&quot;navigation&quot;:&quot;arrows&quot;,&quot;autoplay&quot;:&quot;yes&quot;,&quot;pause_on_hover&quot;:&quot;yes&quot;,&quot;pause_on_interaction&quot;:&quot;yes&quot;,&quot;autoplay_speed&quot;:5000,&quot;speed&quot;:500}\" data-widget_type=\"image-carousel.default\">\n\t\t\t\t\t\t\t<div class=\"elementor-image-carousel-wrapper swiper\" role=\"region\" aria-roledescription=\"carousel\" aria-label=\"Carrusel de im\u00e1genes\" dir=\"ltr\">\n\t\t\t<div class=\"elementor-image-carousel swiper-wrapper\" aria-live=\"off\">\n\t\t\t\t\t\t\t\t<div class=\"swiper-slide\" role=\"group\" aria-roledescription=\"slide\" aria-label=\"1 of 8\" data-no-translation-aria-label=\"\"><figure class=\"swiper-slide-inner\"><img decoding=\"async\" class=\"swiper-slide-image\" src=\"https:\/\/mail.contrans.com.pe\/wp-content\/uploads\/2025\/10\/basc-300x150.webp\" alt=\"basc\" \/><\/figure><\/div><div class=\"swiper-slide\" role=\"group\" aria-roledescription=\"slide\" aria-label=\"2 of 8\" data-no-translation-aria-label=\"\"><figure class=\"swiper-slide-inner\"><img decoding=\"async\" class=\"swiper-slide-image\" src=\"https:\/\/mail.contrans.com.pe\/wp-content\/uploads\/2025\/10\/CODIGO-INTERNACIONAL-DE-MANEJO-DE-CIANURO-300x150.webp\" alt=\"C\u00d3DIGO-INTERNACIONAL-DE-MANEJO-DE-CIANURO\" \/><\/figure><\/div><div class=\"swiper-slide\" role=\"group\" aria-roledescription=\"slide\" aria-label=\"3 of 8\" data-no-translation-aria-label=\"\"><figure class=\"swiper-slide-inner\"><img decoding=\"async\" class=\"swiper-slide-image\" src=\"https:\/\/mail.contrans.com.pe\/wp-content\/uploads\/2025\/10\/GMP-300x150.webp\" alt=\"GMP\" \/><\/figure><\/div><div class=\"swiper-slide\" role=\"group\" aria-roledescription=\"slide\" aria-label=\"4 of 8\" data-no-translation-aria-label=\"\"><figure class=\"swiper-slide-inner\"><img decoding=\"async\" class=\"swiper-slide-image\" src=\"https:\/\/mail.contrans.com.pe\/wp-content\/uploads\/2025\/10\/GPS-300x150.webp\" alt=\"GPS\" \/><\/figure><\/div><div class=\"swiper-slide\" role=\"group\" aria-roledescription=\"slide\" aria-label=\"5 of 8\" data-no-translation-aria-label=\"\"><figure class=\"swiper-slide-inner\"><img decoding=\"async\" class=\"swiper-slide-image\" src=\"https:\/\/mail.contrans.com.pe\/wp-content\/uploads\/2025\/10\/huella-de-carbono20-300x150.webp\" alt=\"huella-de-carbono20\" \/><\/figure><\/div><div class=\"swiper-slide\" role=\"group\" aria-roledescription=\"slide\" aria-label=\"6 of 8\" data-no-translation-aria-label=\"\"><figure class=\"swiper-slide-inner\"><img decoding=\"async\" class=\"swiper-slide-image\" src=\"https:\/\/mail.contrans.com.pe\/wp-content\/uploads\/2025\/10\/huella-de-carbono2020-300x150.webp\" alt=\"huella-de-carbono2020\" \/><\/figure><\/div><div class=\"swiper-slide\" role=\"group\" aria-roledescription=\"slide\" aria-label=\"7 of 8\" data-no-translation-aria-label=\"\"><figure class=\"swiper-slide-inner\"><img decoding=\"async\" class=\"swiper-slide-image\" src=\"https:\/\/mail.contrans.com.pe\/wp-content\/uploads\/2025\/10\/oea-300x150.webp\" alt=\"oea\" \/><\/figure><\/div><div class=\"swiper-slide\" role=\"group\" aria-roledescription=\"slide\" aria-label=\"8 of 8\" data-no-translation-aria-label=\"\"><figure class=\"swiper-slide-inner\"><img decoding=\"async\" class=\"swiper-slide-image\" src=\"https:\/\/mail.contrans.com.pe\/wp-content\/uploads\/2026\/01\/Logo-Bureau-Veritas-300x150.webp\" alt=\"Logo Bureau Veritas\" \/><\/figure><\/div>\t\t\t<\/div>\n\t\t\t\t\t\t\t\t\t\t\t\t<div class=\"elementor-swiper-button elementor-swiper-button-prev\" role=\"button\" tabindex=\"0\">\n\t\t\t\t\t\t<svg xmlns=\"http:\/\/www.w3.org\/2000\/svg\" viewbox=\"0 0 24 24\"><g fill=\"none\" stroke=\"currentColor\" stroke-width=\"1\" stroke-linecap=\"round\" stroke-linejoin=\"round\"><line x1=\"21\" y1=\"12\" x2=\"9\" y2=\"12\"><\/line><polyline points=\"14 7 9 12 14 17\"><\/polyline><\/g><\/svg>\t\t\t\t\t<\/div>\n\t\t\t\t\t<div class=\"elementor-swiper-button elementor-swiper-button-next\" role=\"button\" tabindex=\"0\">\n\t\t\t\t\t\t<svg xmlns=\"http:\/\/www.w3.org\/2000\/svg\" viewbox=\"0 0 24 24\"><g fill=\"none\" stroke=\"currentColor\" stroke-width=\"1\" stroke-linecap=\"round\" stroke-linejoin=\"round\"><line x1=\"3\" y1=\"12\" x2=\"15\" y2=\"12\"><\/line><polyline points=\"10 7 15 12 10 17\"><\/polyline><\/g><\/svg>\t\t\t\t\t<\/div>\n\t\t\t\t\n\t\t\t\t\t\t\t\t\t<\/div>\n\t\t\t\t\t\t<\/div>\n\t\t\t\t<\/div>\n\t\t\t\t\t<\/div>\n\t\t\t\t<\/div>\n\t\t<div class=\"elementor-element elementor-element-a917ea3 grupo--compacto e-flex e-con-boxed e-con e-parent\" data-id=\"a917ea3\" data-element_type=\"container\" data-e-type=\"container\" data-settings=\"{&quot;background_background&quot;:&quot;classic&quot;}\">\n\t\t\t\t\t<div class=\"e-con-inner\">\n\t\t<div class=\"elementor-element elementor-element-801461b e-con-full e-flex e-con e-child\" data-id=\"801461b\" data-element_type=\"container\" data-e-type=\"container\">\n\t\t\t\t<div class=\"elementor-element elementor-element-b0c2cd3 elementor-widget elementor-widget-heading\" data-id=\"b0c2cd3\" data-element_type=\"widget\" data-e-type=\"widget\" data-widget_type=\"heading.default\">\n\t\t\t\t\t<h2 class=\"elementor-heading-title elementor-size-default\">\u00bfConversemos de tu operaci\u00f3n?<\/h2>\t\t\t\t<\/div>\n\t\t\t\t<\/div>\n\t\t<div class=\"elementor-element elementor-element-24db862 e-con-full e-flex e-con e-child\" data-id=\"24db862\" data-element_type=\"container\" data-e-type=\"container\">\n\t\t\t\t<div class=\"elementor-element elementor-element-c58a96a elementor-widget elementor-widget-text-editor\" data-id=\"c58a96a\" data-element_type=\"widget\" data-e-type=\"widget\" data-widget_type=\"text-editor.default\">\n\t\t\t\t\t\t\t\t\t<p>En Contrans unimos experiencia y compromiso para impulsar operaciones que fortalecen negocios y crean valor a largo plazo.<\/p>\t\t\t\t\t\t\t\t<\/div>\n\t\t\t\t<div class=\"elementor-element elementor-element-773e532 elementor-widget elementor-widget-button\" data-id=\"773e532\" data-element_type=\"widget\" data-e-type=\"widget\" data-widget_type=\"button.default\">\n\t\t\t\t\t\t\t\t\t\t<a class=\"elementor-button elementor-button-link elementor-size-sm\" href=\"https:\/\/contrans.pe\/en\/contactanos\/\">\n\t\t\t\t\t\t<span class=\"elementor-button-content-wrapper\">\n\t\t\t\t\t\t\t\t\t<span class=\"elementor-button-text\">Contacta con un asesor<\/span>\n\t\t\t\t\t<\/span>\n\t\t\t\t\t<\/a>\n\t\t\t\t\t\t\t\t<\/div>\n\t\t\t\t<\/div>\n\t\t\t\t\t<\/div>\n\t\t\t\t<\/div>\n\t\t\t\t<\/div>","protected":false},"excerpt":{"rendered":"<p>Sistema de Integraci\u00f3n de Gesti\u00f3n SG-C-001 1, 2, 3, 4, 5, 6, 7 v.12 \/ 24-03-2026 POL\u00cdTICA DEL SISTEMA INTEGRADO DE GESTI\u00d3N CONTRANS S.A.C, empresa dedicada al servicio de almacenaje de carga y log\u00edstica integradaque brinda soluciones seguras, \u00e1giles y sencillas; comparte a las partes interesadas pertinentessu compromiso para la implementaci\u00f3n, sostenibilidad y mejora continua [&hellip;]<\/p>\n","protected":false},"author":1,"featured_media":0,"parent":0,"menu_order":0,"comment_status":"closed","ping_status":"closed","template":"","meta":{"footnotes":""},"class_list":["post-2038","page","type-page","status-publish","hentry"],"blocksy_meta":[],"_links":{"self":[{"href":"https:\/\/contrans.pe\/en\/wp-json\/wp\/v2\/pages\/2038","targetHints":{"allow":["GET"]}}],"collection":[{"href":"https:\/\/contrans.pe\/en\/wp-json\/wp\/v2\/pages"}],"about":[{"href":"https:\/\/contrans.pe\/en\/wp-json\/wp\/v2\/types\/page"}],"author":[{"embeddable":true,"href":"https:\/\/contrans.pe\/en\/wp-json\/wp\/v2\/users\/1"}],"replies":[{"embeddable":true,"href":"https:\/\/contrans.pe\/en\/wp-json\/wp\/v2\/comments?post=2038"}],"version-history":[{"count":60,"href":"https:\/\/contrans.pe\/en\/wp-json\/wp\/v2\/pages\/2038\/revisions"}],"predecessor-version":[{"id":4379,"href":"https:\/\/contrans.pe\/en\/wp-json\/wp\/v2\/pages\/2038\/revisions\/4379"}],"wp:attachment":[{"href":"https:\/\/contrans.pe\/en\/wp-json\/wp\/v2\/media?parent=2038"}],"curies":[{"name":"wp","href":"https:\/\/api.w.org\/{rel}","templated":true}]}}