{"id":2121,"date":"2025-10-29T12:10:39","date_gmt":"2025-10-29T17:10:39","guid":{"rendered":"https:\/\/www.contrans.pe\/?page_id=2121"},"modified":"2025-10-29T12:14:35","modified_gmt":"2025-10-29T17:14:35","slug":"politica-de-sostenibilidad","status":"publish","type":"page","link":"https:\/\/contrans.pe\/en\/politica-de-sostenibilidad\/","title":{"rendered":"Pol\u00edtica de sostenibilidad"},"content":{"rendered":"<div data-elementor-type=\"wp-page\" data-elementor-id=\"2121\" class=\"elementor elementor-2121\" data-elementor-post-type=\"page\">\n\t\t\t\t<div class=\"elementor-element elementor-element-46103c2 grupo e-flex e-con-boxed e-con e-parent\" data-id=\"46103c2\" data-element_type=\"container\" data-e-type=\"container\" data-settings=\"{&quot;background_background&quot;:&quot;classic&quot;}\">\n\t\t\t\t\t<div class=\"e-con-inner\">\n\t\t<div class=\"elementor-element elementor-element-8040722 e-con-full e-flex e-con e-child\" data-id=\"8040722\" data-element_type=\"container\" data-e-type=\"container\">\n\t\t\t\t<div class=\"elementor-element elementor-element-6fc68d5 elementor-invisible elementor-widget elementor-widget-heading\" data-id=\"6fc68d5\" data-element_type=\"widget\" data-e-type=\"widget\" data-settings=\"{&quot;_animation&quot;:&quot;slideInLeft&quot;,&quot;_animation_tablet&quot;:&quot;none&quot;}\" data-widget_type=\"heading.default\">\n\t\t\t\t\t<h1 class=\"elementor-heading-title elementor-size-default\">Pol\u00edtica de sostenibilidad<\/h1>\t\t\t\t<\/div>\n\t\t\t\t<\/div>\n\t\t\t\t\t<\/div>\n\t\t\t\t<\/div>\n\t\t<div class=\"elementor-element elementor-element-f91b3ea grupo e-flex e-con-boxed e-con e-parent\" data-id=\"f91b3ea\" data-element_type=\"container\" data-e-type=\"container\">\n\t\t\t\t\t<div class=\"e-con-inner\">\n\t\t\t\t<div class=\"elementor-element elementor-element-ae372c0 elementor-widget elementor-widget-text-editor\" data-id=\"ae372c0\" data-element_type=\"widget\" data-e-type=\"widget\" data-widget_type=\"text-editor.default\">\n\t\t\t\t\t\t\t\t\t<p>CONTRANS S.A.C, empresa comprometida con el desarrollo sostenible, formula la presente pol\u00edtica mediante la cual reafirma su voluntad de desarrollar y potenciar un comportamiento de gesti\u00f3n integral sostenible, que tiene como misi\u00f3n generar bienestar a la sociedad, a trav\u00e9s de una log\u00edstica socialmente responsable, segura, \u00e1gil y sencilla.<br \/><br \/>Por ello, nuestras operaciones en servicios log\u00edsticos integra aspectos ambientales, sociales y de buen gobierno que crean valor y oportunidades a nuestros grupos de inter\u00e9s con la estrategia de que todas nuestras acciones y procesos nos permita seguir creciendo como organizaci\u00f3n.<br \/><br \/>Para lograr este desaf\u00edo y en el marco de la Agenda 2030 y los 17 Objetivos de Desarrollo Sostenible de la ONU, CONTRANS S.A.C ha establecido los siguientes compromisos, que son parte de nuestra gesti\u00f3n en el plan de sostenibilidad:<br \/><br \/><strong>Ambiente:<\/strong><\/p><p>Promovemos el desarrollo de operaciones ecoeficientes que permitan la conservaci\u00f3n del entorno y la reducci\u00f3n de emisiones.<br \/>2. Nos comprometemos a fomentar la digitalizaci\u00f3n buscando ser una empresa sin papeles.<br \/><br \/><strong>Social:<\/strong><\/p><p>1. Capacitamos y formamos a los colaboradores sin discriminaci\u00f3n y con equidad, a trav\u00e9s de un espacio de aprendizaje continuo que les impacte en su vida personal y laboral.<br \/>2. Promovemos condiciones de trabajo seguros y saludables que velen por la vida, el bienestar y la integridad f\u00edsica, fomentando una cultura de prevenci\u00f3n de incidentes, accidentes de trabajo, enfermedades ocupacionales y otros riesgos laborales.<br \/>3. Fomentamos el respeto de los Derechos Humanos, la inclusi\u00f3n y equidad en nuestros colaboradores, para impactar a trav\u00e9s de ellos, en su familia y su comunidad.<br \/><br \/><strong>Gobernanza:<\/strong><\/p><p>1. Rechazamos cualquier tipo de pr\u00e1ctica ilegal que pueda llevar a la obtenci\u00f3n de ventajas indebidas.<br \/>2. Promovemos el desarrollo responsable de programas y proyectos que contribuyan al mejoramiento continuo del desempe\u00f1o econ\u00f3mico, ambiental y social.<br \/><br \/>En CONTRANS S.A.C, asumimos la responsabilidad del cumplimiento de estos lineamientos, frente a nuestros grupos de inter\u00e9s.<br \/><br \/>Gerente General<br \/>Francisco Gonzalez Hurtado<\/p>\t\t\t\t\t\t\t\t<\/div>\n\t\t\t\t\t<\/div>\n\t\t\t\t<\/div>\n\t\t<div class=\"elementor-element elementor-element-3631fc7 grupo--compacto e-flex e-con-boxed e-con e-parent\" data-id=\"3631fc7\" data-element_type=\"container\" data-e-type=\"container\" data-settings=\"{&quot;background_background&quot;:&quot;classic&quot;}\">\n\t\t\t\t\t<div class=\"e-con-inner\">\n\t\t<div class=\"elementor-element elementor-element-bed4985 e-con-full e-flex e-con e-child\" data-id=\"bed4985\" data-element_type=\"container\" data-e-type=\"container\">\n\t\t\t\t<div class=\"elementor-element elementor-element-917e143 elementor-widget elementor-widget-heading\" data-id=\"917e143\" data-element_type=\"widget\" data-e-type=\"widget\" data-widget_type=\"heading.default\">\n\t\t\t\t\t<h2 class=\"elementor-heading-title elementor-size-default\">Certificaciones que nos respaldan<\/h2>\t\t\t\t<\/div>\n\t\t\t\t<\/div>\n\t\t<div class=\"elementor-element elementor-element-922ff37 e-con-full e-flex e-con e-child\" data-id=\"922ff37\" data-element_type=\"container\" data-e-type=\"container\">\n\t\t\t\t<div class=\"elementor-element elementor-element-8d91f51 elementor-arrows-position-outside elementor-widget elementor-widget-image-carousel\" data-id=\"8d91f51\" data-element_type=\"widget\" data-e-type=\"widget\" data-settings=\"{&quot;slides_to_show&quot;:&quot;4&quot;,&quot;slides_to_show_tablet&quot;:&quot;5&quot;,&quot;slides_to_show_mobile&quot;:&quot;2&quot;,&quot;navigation&quot;:&quot;arrows&quot;,&quot;autoplay&quot;:&quot;yes&quot;,&quot;pause_on_hover&quot;:&quot;yes&quot;,&quot;pause_on_interaction&quot;:&quot;yes&quot;,&quot;autoplay_speed&quot;:5000,&quot;speed&quot;:500}\" data-widget_type=\"image-carousel.default\">\n\t\t\t\t\t\t\t<div class=\"elementor-image-carousel-wrapper swiper\" role=\"region\" aria-roledescription=\"carousel\" aria-label=\"Carrusel de im\u00e1genes\" dir=\"ltr\">\n\t\t\t<div class=\"elementor-image-carousel swiper-wrapper\" aria-live=\"off\">\n\t\t\t\t\t\t\t\t<div class=\"swiper-slide\" role=\"group\" aria-roledescription=\"slide\" aria-label=\"1 de 10\"><figure class=\"swiper-slide-inner\"><img decoding=\"async\" class=\"swiper-slide-image\" src=\"https:\/\/contrans.pe\/wp-content\/uploads\/2025\/10\/9001-300x150.webp\" alt=\"9001\" \/><\/figure><\/div><div class=\"swiper-slide\" role=\"group\" aria-roledescription=\"slide\" aria-label=\"2 de 10\"><figure class=\"swiper-slide-inner\"><img decoding=\"async\" class=\"swiper-slide-image\" src=\"https:\/\/contrans.pe\/wp-content\/uploads\/2025\/10\/14001-300x150.webp\" alt=\"14001\" \/><\/figure><\/div><div class=\"swiper-slide\" role=\"group\" aria-roledescription=\"slide\" aria-label=\"3 de 10\"><figure class=\"swiper-slide-inner\"><img decoding=\"async\" class=\"swiper-slide-image\" src=\"https:\/\/contrans.pe\/wp-content\/uploads\/2025\/10\/45001-300x150.webp\" alt=\"45001\" \/><\/figure><\/div><div class=\"swiper-slide\" role=\"group\" aria-roledescription=\"slide\" aria-label=\"4 de 10\"><figure class=\"swiper-slide-inner\"><img decoding=\"async\" class=\"swiper-slide-image\" src=\"https:\/\/contrans.pe\/wp-content\/uploads\/2025\/10\/basc-300x150.webp\" alt=\"basc\" \/><\/figure><\/div><div class=\"swiper-slide\" role=\"group\" aria-roledescription=\"slide\" aria-label=\"5 de 10\"><figure class=\"swiper-slide-inner\"><img decoding=\"async\" class=\"swiper-slide-image\" src=\"https:\/\/contrans.pe\/wp-content\/uploads\/2025\/10\/CODIGO-INTERNACIONAL-DE-MANEJO-DE-CIANURO-300x150.webp\" alt=\"C\u00d3DIGO-INTERNACIONAL-DE-MANEJO-DE-CIANURO\" \/><\/figure><\/div><div class=\"swiper-slide\" role=\"group\" aria-roledescription=\"slide\" aria-label=\"6 de 10\"><figure class=\"swiper-slide-inner\"><img decoding=\"async\" class=\"swiper-slide-image\" src=\"https:\/\/contrans.pe\/wp-content\/uploads\/2025\/10\/GMP-300x150.webp\" alt=\"GMP\" \/><\/figure><\/div><div class=\"swiper-slide\" role=\"group\" aria-roledescription=\"slide\" aria-label=\"7 de 10\"><figure class=\"swiper-slide-inner\"><img decoding=\"async\" class=\"swiper-slide-image\" src=\"https:\/\/contrans.pe\/wp-content\/uploads\/2025\/10\/GPS-300x150.webp\" alt=\"GPS\" \/><\/figure><\/div><div class=\"swiper-slide\" role=\"group\" aria-roledescription=\"slide\" aria-label=\"8 de 10\"><figure class=\"swiper-slide-inner\"><img decoding=\"async\" class=\"swiper-slide-image\" src=\"https:\/\/contrans.pe\/wp-content\/uploads\/2025\/10\/huella-de-carbono20-300x150.webp\" alt=\"huella-de-carbono20\" \/><\/figure><\/div><div class=\"swiper-slide\" role=\"group\" aria-roledescription=\"slide\" aria-label=\"9 de 10\"><figure class=\"swiper-slide-inner\"><img decoding=\"async\" class=\"swiper-slide-image\" src=\"https:\/\/contrans.pe\/wp-content\/uploads\/2025\/10\/huella-de-carbono2020-300x150.webp\" alt=\"huella-de-carbono2020\" \/><\/figure><\/div><div class=\"swiper-slide\" role=\"group\" aria-roledescription=\"slide\" aria-label=\"10 de 10\"><figure class=\"swiper-slide-inner\"><img decoding=\"async\" class=\"swiper-slide-image\" src=\"https:\/\/contrans.pe\/wp-content\/uploads\/2025\/10\/oea-300x150.webp\" alt=\"oea\" \/><\/figure><\/div>\t\t\t<\/div>\n\t\t\t\t\t\t\t\t\t\t\t\t<div class=\"elementor-swiper-button elementor-swiper-button-prev\" role=\"button\" tabindex=\"0\">\n\t\t\t\t\t\t<svg xmlns=\"http:\/\/www.w3.org\/2000\/svg\" viewbox=\"0 0 24 24\"><g fill=\"none\" stroke=\"currentColor\" stroke-width=\"1\" stroke-linecap=\"round\" stroke-linejoin=\"round\"><line x1=\"21\" y1=\"12\" x2=\"9\" y2=\"12\"><\/line><polyline points=\"14 7 9 12 14 17\"><\/polyline><\/g><\/svg>\t\t\t\t\t<\/div>\n\t\t\t\t\t<div class=\"elementor-swiper-button elementor-swiper-button-next\" role=\"button\" tabindex=\"0\">\n\t\t\t\t\t\t<svg xmlns=\"http:\/\/www.w3.org\/2000\/svg\" viewbox=\"0 0 24 24\"><g fill=\"none\" stroke=\"currentColor\" stroke-width=\"1\" stroke-linecap=\"round\" stroke-linejoin=\"round\"><line x1=\"3\" y1=\"12\" x2=\"15\" y2=\"12\"><\/line><polyline points=\"10 7 15 12 10 17\"><\/polyline><\/g><\/svg>\t\t\t\t\t<\/div>\n\t\t\t\t\n\t\t\t\t\t\t\t\t\t<\/div>\n\t\t\t\t\t\t<\/div>\n\t\t\t\t<\/div>\n\t\t\t\t\t<\/div>\n\t\t\t\t<\/div>\n\t\t<div class=\"elementor-element elementor-element-8fda3a8 grupo--compacto e-flex e-con-boxed e-con e-parent\" data-id=\"8fda3a8\" data-element_type=\"container\" data-e-type=\"container\" data-settings=\"{&quot;background_background&quot;:&quot;classic&quot;}\">\n\t\t\t\t\t<div class=\"e-con-inner\">\n\t\t<div class=\"elementor-element elementor-element-0862bd8 e-con-full e-flex e-con e-child\" data-id=\"0862bd8\" data-element_type=\"container\" data-e-type=\"container\">\n\t\t\t\t<div class=\"elementor-element elementor-element-42feef8 elementor-widget elementor-widget-heading\" data-id=\"42feef8\" data-element_type=\"widget\" data-e-type=\"widget\" data-widget_type=\"heading.default\">\n\t\t\t\t\t<h2 class=\"elementor-heading-title elementor-size-default\">\u00bfConversemos de tu operaci\u00f3n?<\/h2>\t\t\t\t<\/div>\n\t\t\t\t<\/div>\n\t\t<div class=\"elementor-element elementor-element-e211dd5 e-con-full e-flex e-con e-child\" data-id=\"e211dd5\" data-element_type=\"container\" data-e-type=\"container\">\n\t\t\t\t<div class=\"elementor-element elementor-element-07d4bd4 elementor-widget elementor-widget-text-editor\" data-id=\"07d4bd4\" data-element_type=\"widget\" data-e-type=\"widget\" data-widget_type=\"text-editor.default\">\n\t\t\t\t\t\t\t\t\t<p>En Contrans unimos experiencia y compromiso para impulsar operaciones que fortalecen negocios y crean valor a largo plazo.<\/p>\t\t\t\t\t\t\t\t<\/div>\n\t\t\t\t<div class=\"elementor-element elementor-element-23e30f8 elementor-widget elementor-widget-button\" data-id=\"23e30f8\" data-element_type=\"widget\" data-e-type=\"widget\" data-widget_type=\"button.default\">\n\t\t\t\t\t\t\t\t\t\t<a class=\"elementor-button elementor-button-link elementor-size-sm\" href=\"https:\/\/contrans.pe\/en\/?page_id=199\">\n\t\t\t\t\t\t<span class=\"elementor-button-content-wrapper\">\n\t\t\t\t\t\t\t\t\t<span class=\"elementor-button-text\">Solicitar asesor\u00eda<\/span>\n\t\t\t\t\t<\/span>\n\t\t\t\t\t<\/a>\n\t\t\t\t\t\t\t\t<\/div>\n\t\t\t\t<\/div>\n\t\t\t\t\t<\/div>\n\t\t\t\t<\/div>\n\t\t\t\t<\/div>","protected":false},"excerpt":{"rendered":"<p>Pol\u00edtica de sostenibilidad CONTRANS S.A.C, empresa comprometida con el desarrollo sostenible, formula la presente pol\u00edtica mediante la cual reafirma su voluntad de desarrollar y potenciar un comportamiento de gesti\u00f3n integral sostenible, que tiene como misi\u00f3n generar bienestar a la sociedad, a trav\u00e9s de una log\u00edstica socialmente responsable, segura, \u00e1gil y sencilla. Por ello, nuestras operaciones [&hellip;]<\/p>\n","protected":false},"author":1,"featured_media":0,"parent":0,"menu_order":0,"comment_status":"closed","ping_status":"closed","template":"","meta":{"footnotes":""},"class_list":["post-2121","page","type-page","status-publish","hentry"],"blocksy_meta":[],"_links":{"self":[{"href":"https:\/\/contrans.pe\/en\/wp-json\/wp\/v2\/pages\/2121","targetHints":{"allow":["GET"]}}],"collection":[{"href":"https:\/\/contrans.pe\/en\/wp-json\/wp\/v2\/pages"}],"about":[{"href":"https:\/\/contrans.pe\/en\/wp-json\/wp\/v2\/types\/page"}],"author":[{"embeddable":true,"href":"https:\/\/contrans.pe\/en\/wp-json\/wp\/v2\/users\/1"}],"replies":[{"embeddable":true,"href":"https:\/\/contrans.pe\/en\/wp-json\/wp\/v2\/comments?post=2121"}],"version-history":[{"count":0,"href":"https:\/\/contrans.pe\/en\/wp-json\/wp\/v2\/pages\/2121\/revisions"}],"wp:attachment":[{"href":"https:\/\/contrans.pe\/en\/wp-json\/wp\/v2\/media?parent=2121"}],"curies":[{"name":"wp","href":"https:\/\/api.w.org\/{rel}","templated":true}]}}