{"id":3952,"date":"2026-02-25T17:15:18","date_gmt":"2026-02-25T22:15:18","guid":{"rendered":"https:\/\/contrans.pe\/?page_id=3952"},"modified":"2026-03-18T09:27:19","modified_gmt":"2026-03-18T14:27:19","slug":"comunicados","status":"publish","type":"page","link":"https:\/\/contrans.pe\/en\/comunicados\/","title":{"rendered":"Comunicados"},"content":{"rendered":"<div data-elementor-type=\"wp-page\" data-elementor-id=\"3952\" class=\"elementor elementor-3952\" data-elementor-post-type=\"page\">\n\t\t\t\t<div class=\"elementor-element elementor-element-b36249a e-flex e-con-boxed e-con e-parent\" data-id=\"b36249a\" data-element_type=\"container\" data-e-type=\"container\" data-settings=\"{&quot;background_background&quot;:&quot;classic&quot;}\">\n\t\t\t\t\t<div class=\"e-con-inner\">\n\t\t\t\t<div class=\"elementor-element elementor-element-0132a80 elementor-widget elementor-widget-heading\" data-id=\"0132a80\" data-element_type=\"widget\" data-e-type=\"widget\" data-widget_type=\"heading.default\">\n\t\t\t\t\t<h1 class=\"elementor-heading-title elementor-size-default\">Comunicados<\/h1>\t\t\t\t<\/div>\n\t\t<div class=\"elementor-element elementor-element-1cc7d05 e-con-full e-flex e-con e-child\" data-id=\"1cc7d05\" data-element_type=\"container\" data-e-type=\"container\">\n\t\t\t\t<div class=\"elementor-element elementor-element-eacd81d elementor-widget elementor-widget-text-editor\" data-id=\"eacd81d\" data-element_type=\"widget\" data-e-type=\"widget\" data-widget_type=\"text-editor.default\">\n\t\t\t\t\t\t\t\t\t<p data-start=\"366\" data-end=\"755\">En esta secci\u00f3n, Contrans comparte sus comunicados oficiales con el prop\u00f3sito de mantener informados a clientes, operadores log\u00edsticos y aliados estrat\u00e9gicos sobre novedades relevantes del entorno operativo.\u00a0<\/p>\t\t\t\t\t\t\t\t<\/div>\n\t\t\t\t<\/div>\n\t\t\t\t\t<\/div>\n\t\t\t\t<\/div>\n\t\t<div class=\"elementor-element elementor-element-043d0a9 e-flex e-con-boxed e-con e-parent\" data-id=\"043d0a9\" data-element_type=\"container\" data-e-type=\"container\">\n\t\t\t\t\t<div class=\"e-con-inner\">\n\t\t\t\t<div class=\"elementor-element elementor-element-86dcc3f elementor-widget elementor-widget-html\" data-id=\"86dcc3f\" data-element_type=\"widget\" data-e-type=\"widget\" data-widget_type=\"html.default\">\n\t\t\t\t\t<table>\r\n  <thead>\r\n    <tr>\r\n      <th>Comunicado<\/th>\r\n      <th>Fecha<\/th>\r\n      <th>Descarga<\/th>\r\n    <\/tr>\r\n  <\/thead>\r\n  <tbody>\r\n    <tr>\r\n      <td>\r\n       GESTIONES Y CASILLAS PARA EL ENV\u00cdO DE SOLICITUDES\r\n      <\/td>\r\n      <td>17\/03\/2026<\/td>\r\n      <td>\r\n        <a \r\n          href=\"https:\/\/contrans.pe\/wp-content\/uploads\/2026\/03\/COMUNICADO-CONTRANS-02-CASILLAS-DE-ATENCION-DE-SOLICITUDES.pdf\" \r\n          target=\"_blank\" \r\n          rel=\"noopener noreferrer\"\r\n        >\r\n          Descargar\r\n        <\/a>\r\n      <\/td>\r\n    <\/tr>\r\n    <tr>\r\n      <td>\r\n        RECARGO EXTRAORDINARIO DE COMBUSTIBLE EN SERVICIOS LOG\u00cdSTICOS DE COMERCIO EXTERIOR\r\n      <\/td>\r\n      <td>10\/03\/2026<\/td>\r\n      <td>\r\n        <a \r\n          href=\"https:\/\/contrans.pe\/wp-content\/uploads\/2026\/03\/RECARGO-EXTRAORDINARIO-DE-COMBUSTIBLE-EN-SERVICIOS-LOGISTICOS-DE-COMERCIO-EXTERIOR-09-03-2026-PUBLICACION-WEB.pdf\" \r\n          target=\"_blank\" \r\n          rel=\"noopener noreferrer\"\r\n        >\r\n          Descargar\r\n        <\/a>\r\n      <\/td>\r\n    <\/tr>\r\n  <\/tbody>\r\n<\/table>\t\t\t\t<\/div>\n\t\t\t\t<div class=\"elementor-element elementor-element-01c818f elementor-hidden-desktop elementor-hidden-laptop elementor-hidden-tablet elementor-hidden-mobile elementor-widget elementor-widget-html\" data-id=\"01c818f\" data-element_type=\"widget\" data-e-type=\"widget\" data-widget_type=\"html.default\">\n\t\t\t\t\t<!DOCTYPE html>\r\n<html lang=\"es\">\r\n<head>\r\n    <meta charset=\"UTF-8\">\r\n    <meta name=\"viewport\" content=\"width=device-width, initial-scale=1.0\">\r\n    <title>Comunicados<\/title>\r\n    <style>\r\n        body {\r\n            font-family: Arial, sans-serif;\r\n            background-color: #f0f0f0;\r\n            margin: 0;\r\n            padding: 0;\r\n        }\r\n\r\n        table {\r\n            width: 100%;\r\n            margin: 20px 0;\r\n            border-collapse: collapse;\r\n        }\r\n\r\n        th, td {\r\n            padding: 12px;\r\n            text-align: left;\r\n            border: 1px solid #ddd;\r\n        }\r\n\r\n        th {\r\n            background-color: #003AD7; \/* Color solicitado solo para el encabezado *\/\r\n            color: white;\r\n        }\r\n\r\n        tr:nth-child(even) {\r\n            background-color: #f2f2f2;\r\n        }\r\n\r\n        .download-link {\r\n            color: #003AD7; \/* Color de los enlaces de descarga *\/\r\n            text-decoration: none;\r\n        }\r\n\r\n        .download-link:hover {\r\n            text-decoration: underline;\r\n        }\r\n    <\/style>\r\n<\/head>\r\n<body>\r\n\r\n    <table>\r\n        <thead>\r\n            <tr>\r\n                <th>Comunicado<\/th>\r\n                <th>Fecha<\/th>\r\n                <th>Descarga<\/th>\r\n            <\/tr>\r\n        <\/thead>\r\n        <tbody>\r\n            <tr>\r\n                <td>Comunicado Ejemplo 1<\/td>\r\n                <td>27\/02\/2026<\/td>\r\n                <td><a href=\"#\" class=\"download-link\">Descargar<\/a><\/td>\r\n            <\/tr>\r\n            <tr>\r\n                <td>Comunicado Ejemplo 2<\/td>\r\n                <td>28\/02\/2026<\/td>\r\n                <td><a href=\"#\" class=\"download-link\">Descargar<\/a><\/td>\r\n            <\/tr>\r\n        <\/tbody>\r\n    <\/table>\r\n\r\n<\/body>\r\n<\/html>\t\t\t\t<\/div>\n\t\t\t\t\t<\/div>\n\t\t\t\t<\/div>\n\t\t<div class=\"elementor-element elementor-element-76c35f2 grupo e-flex e-con-boxed e-con e-parent\" data-id=\"76c35f2\" data-element_type=\"container\" data-e-type=\"container\" data-settings=\"{&quot;background_background&quot;:&quot;classic&quot;}\">\n\t\t\t\t\t<div class=\"e-con-inner\">\n\t\t<div class=\"elementor-element elementor-element-040b18e e-con-full e-flex e-con e-child\" data-id=\"040b18e\" data-element_type=\"container\" data-e-type=\"container\">\n\t\t\t\t<div class=\"elementor-element elementor-element-850d3a1 elementor-widget elementor-widget-heading\" data-id=\"850d3a1\" data-element_type=\"widget\" data-e-type=\"widget\" data-widget_type=\"heading.default\">\n\t\t\t\t\t<h2 class=\"elementor-heading-title elementor-size-default\">Tu aliado para avisos preventivos<\/h2>\t\t\t\t<\/div>\n\t\t\t\t<div class=\"elementor-element elementor-element-e5a1cb4 elementor-widget elementor-widget-text-editor\" data-id=\"e5a1cb4\" data-element_type=\"widget\" data-e-type=\"widget\" data-widget_type=\"text-editor.default\">\n\t\t\t\t\t\t\t\t\t<p>Nos dedicamos a facilitar el camino hacia la consecuci\u00f3n de tus objetivos comerciales mediante soluciones log\u00edsticas integrales y estrat\u00e9gicas.<\/p><p>Nuestro compromiso es brindarte transparencia, seguridad y eficiencia en cada etapa de la cadena de suministro, asegurando un manejo adecuado de tu carga desde el origen hasta el destino.<\/p>\t\t\t\t\t\t\t\t<\/div>\n\t\t\t\t<div class=\"elementor-element elementor-element-84b9453 elementor-align-justify elementor-widget__width-initial btn-variante elementor-mobile-align-center elementor-widget elementor-widget-button\" data-id=\"84b9453\" data-element_type=\"widget\" data-e-type=\"widget\" data-widget_type=\"button.default\">\n\t\t\t\t\t\t\t\t\t\t<a class=\"elementor-button elementor-button-link elementor-size-sm\" href=\"https:\/\/contrans.pe\/en\/contactanos\/\" target=\"_blank\">\n\t\t\t\t\t\t<span class=\"elementor-button-content-wrapper\">\n\t\t\t\t\t\t\t\t\t<span class=\"elementor-button-text\">Contacta con un asesor<\/span>\n\t\t\t\t\t<\/span>\n\t\t\t\t\t<\/a>\n\t\t\t\t\t\t\t\t<\/div>\n\t\t\t\t<\/div>\n\t\t<div class=\"elementor-element elementor-element-d092587 e-con-full e-flex e-con e-child\" data-id=\"d092587\" data-element_type=\"container\" data-e-type=\"container\">\n\t\t<div class=\"elementor-element elementor-element-267461a e-con-full e-flex e-con e-child\" data-id=\"267461a\" data-element_type=\"container\" data-e-type=\"container\">\n\t\t\t\t<div class=\"elementor-element elementor-element-d6f308f elementor-widget elementor-widget-heading\" data-id=\"d6f308f\" data-element_type=\"widget\" data-e-type=\"widget\" data-widget_type=\"heading.default\">\n\t\t\t\t\t<h2 class=\"elementor-heading-title elementor-size-default\">Actualizaciones operativas<\/h2>\t\t\t\t<\/div>\n\t\t\t\t<\/div>\n\t\t<div class=\"elementor-element elementor-element-d86bc48 e-con-full e-flex e-con e-child\" data-id=\"d86bc48\" data-element_type=\"container\" data-e-type=\"container\">\n\t\t\t\t<div class=\"elementor-element elementor-element-0b4ffe4 elementor-widget elementor-widget-text-editor\" data-id=\"0b4ffe4\" data-element_type=\"widget\" data-e-type=\"widget\" data-widget_type=\"text-editor.default\">\n\t\t\t\t\t\t\t\t\t<p>Brindamos orientaci\u00f3n pr\u00e1ctica para que las empresas puedan anticiparse y minimizar contingencias.<\/p>\t\t\t\t\t\t\t\t<\/div>\n\t\t\t\t<\/div>\n\t\t<div class=\"elementor-element elementor-element-5ff1f05 e-con-full e-flex e-con e-child\" data-id=\"5ff1f05\" data-element_type=\"container\" data-e-type=\"container\">\n\t\t\t\t<div class=\"elementor-element elementor-element-98cf4af elementor-widget elementor-widget-image\" data-id=\"98cf4af\" data-element_type=\"widget\" data-e-type=\"widget\" data-widget_type=\"image.default\">\n\t\t\t\t\t\t\t\t\t\t\t\t\t\t\t<img fetchpriority=\"high\" decoding=\"async\" width=\"600\" height=\"400\" src=\"https:\/\/www.contrans.com.pe\/wp-content\/uploads\/2026\/02\/Logistica-de-transporte-1.webp\" class=\"attachment-large size-large wp-image-4021\" alt=\"\" srcset=\"https:\/\/www.contrans.com.pe\/wp-content\/uploads\/2026\/02\/Logistica-de-transporte-1.webp 600w, https:\/\/www.contrans.com.pe\/wp-content\/uploads\/2026\/02\/Logistica-de-transporte-1-300x200.webp 300w, https:\/\/www.contrans.com.pe\/wp-content\/uploads\/2026\/02\/Logistica-de-transporte-1-18x12.webp 18w\" sizes=\"(max-width: 600px) 100vw, 600px\" \/>\t\t\t\t\t\t\t\t\t\t\t\t\t\t\t<\/div>\n\t\t\t\t<\/div>\n\t\t\t\t<\/div>\n\t\t\t\t\t<\/div>\n\t\t\t\t<\/div>\n\t\t\t\t<\/div>","protected":false},"excerpt":{"rendered":"<p>Comunicados En esta secci\u00f3n, Contrans comparte sus comunicados oficiales con el prop\u00f3sito de mantener informados a clientes, operadores log\u00edsticos y aliados estrat\u00e9gicos sobre novedades relevantes del entorno operativo.\u00a0 Comunicado Fecha Descarga GESTIONES Y CASILLAS PARA EL ENV\u00cdO DE SOLICITUDES 17\/03\/2026 Descargar RECARGO EXTRAORDINARIO DE COMBUSTIBLE EN SERVICIOS LOG\u00cdSTICOS DE COMERCIO EXTERIOR 10\/03\/2026 Descargar Comunicados Comunicado [&hellip;]<\/p>\n","protected":false},"author":2,"featured_media":0,"parent":0,"menu_order":0,"comment_status":"closed","ping_status":"closed","template":"","meta":{"footnotes":""},"class_list":["post-3952","page","type-page","status-publish","hentry"],"blocksy_meta":[],"_links":{"self":[{"href":"https:\/\/contrans.pe\/en\/wp-json\/wp\/v2\/pages\/3952","targetHints":{"allow":["GET"]}}],"collection":[{"href":"https:\/\/contrans.pe\/en\/wp-json\/wp\/v2\/pages"}],"about":[{"href":"https:\/\/contrans.pe\/en\/wp-json\/wp\/v2\/types\/page"}],"author":[{"embeddable":true,"href":"https:\/\/contrans.pe\/en\/wp-json\/wp\/v2\/users\/2"}],"replies":[{"embeddable":true,"href":"https:\/\/contrans.pe\/en\/wp-json\/wp\/v2\/comments?post=3952"}],"version-history":[{"count":52,"href":"https:\/\/contrans.pe\/en\/wp-json\/wp\/v2\/pages\/3952\/revisions"}],"predecessor-version":[{"id":4299,"href":"https:\/\/contrans.pe\/en\/wp-json\/wp\/v2\/pages\/3952\/revisions\/4299"}],"wp:attachment":[{"href":"https:\/\/contrans.pe\/en\/wp-json\/wp\/v2\/media?parent=3952"}],"curies":[{"name":"wp","href":"https:\/\/api.w.org\/{rel}","templated":true}]}}